{"id":23846,"date":"2025-03-06T12:36:02","date_gmt":"2025-03-06T11:36:02","guid":{"rendered":"https:\/\/e-3lectric.com\/?page_id=23846"},"modified":"2025-03-06T12:51:47","modified_gmt":"2025-03-06T11:51:47","slug":"e%c2%b73lectricwallbox-advance","status":"publish","type":"page","link":"https:\/\/e-3lectric.com\/en\/e3lectricwallbox\/e%c2%b73lectricwallbox-advance\/","title":{"rendered":"E\u00b73lectricwallbox advance"},"content":{"rendered":"\t\t<div data-elementor-type=\"wp-page\" data-elementor-id=\"23846\" class=\"elementor elementor-23846 elementor-23845\">\n\t\t\t\t\t\t<section class=\"elementor-section elementor-top-section elementor-element elementor-element-3ee3fdc8 elementor-section-boxed elementor-section-height-default elementor-section-height-default sc_fly_static\" data-id=\"3ee3fdc8\" data-element_type=\"section\" data-e-type=\"section\">\n\t\t\t\t\t\t<div class=\"elementor-container elementor-column-gap-extended\">\n\t\t\t\t\t<div class=\"elementor-column elementor-col-100 elementor-top-column elementor-element elementor-element-e73e3c7 sc_inner_width_none sc_content_align_inherit sc_layouts_column_icons_position_left sc_fly_static\" data-id=\"e73e3c7\" data-element_type=\"column\" data-e-type=\"column\">\n\t\t\t<div class=\"elementor-widget-wrap elementor-element-populated\">\n\t\t\t\t\t\t<div class=\"elementor-element elementor-element-ce505ae sc_fly_static elementor-widget elementor-widget-spacer\" data-id=\"ce505ae\" data-element_type=\"widget\" data-e-type=\"widget\" data-widget_type=\"spacer.default\">\n\t\t\t\t<div class=\"elementor-widget-container\">\n\t\t\t\t\t\t\t<div class=\"elementor-spacer\">\n\t\t\t<div class=\"elementor-spacer-inner\"><\/div>\n\t\t<\/div>\n\t\t\t\t\t\t<\/div>\n\t\t\t\t<\/div>\n\t\t\t\t\t<\/div>\n\t\t<\/div>\n\t\t\t\t\t<\/div>\n\t\t<\/section>\n\t\t\t\t<section class=\"elementor-section elementor-top-section elementor-element elementor-element-2b22da8 elementor-section-boxed elementor-section-height-default elementor-section-height-default sc_fly_static\" data-id=\"2b22da8\" data-element_type=\"section\" data-e-type=\"section\">\n\t\t\t\t\t\t<div class=\"elementor-container elementor-column-gap-extended\">\n\t\t\t\t\t<div class=\"elementor-column elementor-col-50 elementor-top-column elementor-element elementor-element-28da601 sc_inner_width_none sc_content_align_inherit sc_layouts_column_icons_position_left sc_fly_static\" data-id=\"28da601\" data-element_type=\"column\" data-e-type=\"column\">\n\t\t\t<div class=\"elementor-widget-wrap elementor-element-populated\">\n\t\t\t\t\t\t<div class=\"elementor-element elementor-element-7e21185 elementor-widget__width-initial elementor-arrows-position-inside elementor-pagination-position-outside sc_fly_static elementor-widget elementor-widget-image-carousel\" data-id=\"7e21185\" data-element_type=\"widget\" data-e-type=\"widget\" data-settings=\"{&quot;slides_to_show&quot;:&quot;1&quot;,&quot;navigation&quot;:&quot;both&quot;,&quot;autoplay&quot;:&quot;yes&quot;,&quot;pause_on_hover&quot;:&quot;yes&quot;,&quot;pause_on_interaction&quot;:&quot;yes&quot;,&quot;autoplay_speed&quot;:5000,&quot;infinite&quot;:&quot;yes&quot;,&quot;effect&quot;:&quot;slide&quot;,&quot;speed&quot;:500}\" data-widget_type=\"image-carousel.default\">\n\t\t\t\t<div class=\"elementor-widget-container\">\n\t\t\t\t\t\t\t<div class=\"elementor-image-carousel-wrapper swiper\" role=\"region\" aria-roledescription=\"carousel\" aria-label=\"Image Carousel\" dir=\"ltr\">\n\t\t\t<div class=\"elementor-image-carousel swiper-wrapper\" aria-live=\"off\">\n\t\t\t\t\t\t\t\t<div class=\"swiper-slide\" role=\"group\" aria-roledescription=\"slide\" aria-label=\"1 of 4\"><figure class=\"swiper-slide-inner\"><img decoding=\"async\" class=\"swiper-slide-image\" src=\"https:\/\/e-3lectric.com\/wp-content\/uploads\/2024\/07\/97011-224x300.jpg\" alt=\"97011\" \/><\/figure><\/div><div class=\"swiper-slide\" role=\"group\" aria-roledescription=\"slide\" aria-label=\"2 of 4\"><figure class=\"swiper-slide-inner\"><img decoding=\"async\" class=\"swiper-slide-image\" src=\"https:\/\/e-3lectric.com\/wp-content\/uploads\/2024\/07\/97011-2-224x300.jpg\" alt=\"97011-2\" \/><\/figure><\/div><div class=\"swiper-slide\" role=\"group\" aria-roledescription=\"slide\" aria-label=\"3 of 4\"><figure class=\"swiper-slide-inner\"><img decoding=\"async\" class=\"swiper-slide-image\" src=\"https:\/\/e-3lectric.com\/wp-content\/uploads\/2024\/06\/FAMATEL-Cargador-Studio0227-Det-200x300.jpg\" alt=\"FAMATEL-Cargador-Studio0227-Det\" \/><\/figure><\/div><div class=\"swiper-slide\" role=\"group\" aria-roledescription=\"slide\" aria-label=\"4 of 4\"><figure class=\"swiper-slide-inner\"><img decoding=\"async\" class=\"swiper-slide-image\" src=\"https:\/\/e-3lectric.com\/wp-content\/uploads\/2024\/06\/FAMATEL-Cargador-Studio0256-Det-200x300.jpg\" alt=\"FAMATEL-Cargador-Studio0256-Det\" \/><\/figure><\/div>\t\t\t<\/div>\n\t\t\t\t\t\t\t\t\t\t\t\t<div class=\"elementor-swiper-button elementor-swiper-button-prev\" role=\"button\" tabindex=\"0\">\n\t\t\t\t\t\t<i aria-hidden=\"true\" class=\"eicon-chevron-left\"><\/i>\t\t\t\t\t<\/div>\n\t\t\t\t\t<div class=\"elementor-swiper-button elementor-swiper-button-next\" role=\"button\" tabindex=\"0\">\n\t\t\t\t\t\t<i aria-hidden=\"true\" class=\"eicon-chevron-right\"><\/i>\t\t\t\t\t<\/div>\n\t\t\t\t\n\t\t\t\t\t\t\t\t\t<div class=\"swiper-pagination\"><\/div>\n\t\t\t\t\t\t\t\t\t<\/div>\n\t\t\t\t\t\t<\/div>\n\t\t\t\t<\/div>\n\t\t\t\t\t<\/div>\n\t\t<\/div>\n\t\t\t\t<div class=\"elementor-column elementor-col-50 elementor-top-column elementor-element elementor-element-846e83a sc_inner_width_none sc_content_align_inherit sc_layouts_column_icons_position_left sc_fly_static\" data-id=\"846e83a\" data-element_type=\"column\" data-e-type=\"column\">\n\t\t\t<div class=\"elementor-widget-wrap elementor-element-populated\">\n\t\t\t\t\t\t<div class=\"elementor-element elementor-element-7c7b28a sc_fly_static elementor-widget elementor-widget-heading\" data-id=\"7c7b28a\" data-element_type=\"widget\" data-e-type=\"widget\" data-widget_type=\"heading.default\">\n\t\t\t\t<div class=\"elementor-widget-container\">\n\t\t\t\t\t<h5 class=\"elementor-heading-title elementor-size-default\">E-3LECTRICWALLBOX ADVANCE POWER MANAGEMENT<\/h5>\t\t\t\t<\/div>\n\t\t\t\t<\/div>\n\t\t\t\t<div class=\"elementor-element elementor-element-6cc2177 sc_fly_static elementor-widget elementor-widget-heading\" data-id=\"6cc2177\" data-element_type=\"widget\" data-e-type=\"widget\" data-widget_type=\"heading.default\">\n\t\t\t\t<div class=\"elementor-widget-container\">\n\t\t\t\t\t<h6 class=\"elementor-heading-title elementor-size-default\"><a href=\"https:\/\/e-3lectric.com\/en\/e3lectricwallbox\/e3lectricwallbox-advance-97011\/\">97110<\/a><\/h6>\t\t\t\t<\/div>\n\t\t\t\t<\/div>\n\t\t\t\t<div class=\"elementor-element elementor-element-a7ab920 sc_fly_static elementor-widget elementor-widget-text-editor\" data-id=\"a7ab920\" data-element_type=\"widget\" data-e-type=\"widget\" data-widget_type=\"text-editor.default\">\n\t\t\t\t<div class=\"elementor-widget-container\">\n\t\t\t\t\t\t\t\t\t<ul>\n    <li>Cargador de coche el\u00e9ctrico con gesti\u00f3n din\u00e1mica de potencia<\/li>\n    <li>Modo de carga 3 \u2013 Conector Tipo 2 seg\u00fan IEC 62196-2<\/li>\n    <li>Gesti\u00f3n inteligente de carga para optimizar el consumo energ\u00e9tico<\/li>\n    <li>Distribuci\u00f3n autom\u00e1tica de la potencia disponible para evitar sobrecargas<\/li>\n    <li>Identificaci\u00f3n mediante tarjetas RFID<\/li>\n    <li>Conexi\u00f3n Bluetooth para configuraci\u00f3n y control desde la App e\u00b73lectricar<\/li>\n    <li>Historial de carga con registro de usuarios y consumos<\/li>\n    <li>Limitador de corriente ajustable<\/li>\n    <li>Tiempo de bloqueo configurable<\/li>\n    <li>Protecci\u00f3n IP54 e IK08, apto para interiores y exteriores<\/li>\n<\/ul>\n\n<p style=\"margin: 0px 0px 20px;\">\n    <strong>Tipo de cargador:<\/strong> Mode 3<br>\n    <strong>Tipo de conector:<\/strong> Type 2 acc. to IEC 62196-2<br>\n    <strong>Tensi\u00f3n asignada:<\/strong> 230 V \/ 400 V AC (50Hz)<br>\n    <strong>Intensidad asignada:<\/strong> 32 A<br>\n    <strong>Potencia asignada:<\/strong> 7,4 kW (I-Fase) \/ 22 kW (III-Fases)<br>\n    <strong>Temperatura de funcionamiento:<\/strong> -5\u00b0C a +65\u00b0C<br>\n    <strong>Grado de protecci\u00f3n:<\/strong> IP54<br>\n    <strong>Resistencia al impacto:<\/strong> IK08<br>\n    <strong>Dimensiones externas:<\/strong> 405 x 260 x 120 mm<br>\n    <strong>Material del cuerpo:<\/strong> Tecnopol\u00edmero<br>\n    <strong>Ensayo hilo incandescente:<\/strong> 650\u00b0C<br>\n    <strong>Color:<\/strong> Blanco<br>\n<\/p>\n\n<p><strong>Normativa:<\/strong> IEC 61851-1, IEC 61851-22, IEC 62196-1, IEC 62196-2, IEC 61439-7<\/p>\n\n<\/ul>\n<div><\/div>\n<style>\n  table {\n    width: 100%;\n    border-collapse: collapse;\n    margin-top: 20px; \/* Espacio superior *\/\n  }\n\n  th, td {\n    border: 1px solid #ddd;\n    padding: 12px;\n    text-align: center; \/* Centrar contenido *\/\n  }\n\n  th {\n    background-color: #f4f4f4;\n    font-weight: bold;\n  }\n<\/style>\n\n<table>\n    <thead>\n        <tr>\n            <th>C\u00f3digo \/ Code<\/th>\n            <th>Salidas \/ Outputs<\/th>\n            <th>Potencia de salida \/ Output power range<\/th>\n        <\/tr>\n    <\/thead>\n    <tbody>\n        <tr>\n            <td>97110<\/td>\n            <td>Tipo de toma 2 sin obturadores <br> Socket-outlet Type 2 without shutters<\/td>\n            <td>7,4 kW (1P &#8211; 32A)<\/td>\n        <\/tr>\n        <tr>\n            <td>97310<\/td>\n            <td>Tipo de toma 2 sin obturadores <br> Socket-outlet Type 2 without shutters<\/td>\n            <td>22 kW (3P &#8211; 32A)<\/td>\n        <\/tr>\n    <\/tbody>\n<\/table>\n\n\n\t\t\t\t\t\t\t\t<\/div>\n\t\t\t\t<\/div>\n\t\t\t\t<section class=\"elementor-section elementor-inner-section elementor-element elementor-element-8733beb section_bottom20 elementor-section-boxed elementor-section-height-default elementor-section-height-default sc_fly_static\" data-id=\"8733beb\" data-element_type=\"section\" data-e-type=\"section\">\n\t\t\t\t\t\t<div class=\"elementor-container elementor-column-gap-extended\">\n\t\t\t\t\t<div class=\"elementor-column elementor-col-33 elementor-inner-column elementor-element elementor-element-61fdc84 sc_content_align_left sc_layouts_column_align_left sc_layouts_column sc_inner_width_none sc_layouts_column_icons_position_left sc_fly_static\" data-id=\"61fdc84\" data-element_type=\"column\" data-e-type=\"column\">\n\t\t\t<div class=\"elementor-widget-wrap elementor-element-populated\">\n\t\t\t\t\t\t<div class=\"elementor-element elementor-element-a20803c elementor-align-left elementor-widget__width-inherit sc_fly_static elementor-widget elementor-widget-button\" data-id=\"a20803c\" data-element_type=\"widget\" data-e-type=\"widget\" data-widget_type=\"button.default\">\n\t\t\t\t<div class=\"elementor-widget-container\">\n\t\t\t\t\t\t\t\t\t<div class=\"elementor-button-wrapper\">\n\t\t\t\t\t<a class=\"elementor-button elementor-button-link elementor-size-sm\" href=\"https:\/\/e-3lectric.com\/wp-content\/uploads\/2024\/07\/DS_97010.pdf\" target=\"_blank\">\n\t\t\t\t\t\t<span class=\"elementor-button-content-wrapper\">\n\t\t\t\t\t\t<span class=\"elementor-button-icon\">\n\t\t\t\t<i aria-hidden=\"true\" class=\"fas fa-file-download\"><\/i>\t\t\t<\/span>\n\t\t\t\t\t\t\t\t\t<span class=\"elementor-button-text\">Ficha t\u00e9cnica<\/span>\n\t\t\t\t\t<\/span>\n\t\t\t\t\t<\/a>\n\t\t\t\t<\/div>\n\t\t\t\t\t\t\t\t<\/div>\n\t\t\t\t<\/div>\n\t\t\t\t\t<\/div>\n\t\t<\/div>\n\t\t\t\t<div class=\"elementor-column elementor-col-33 elementor-inner-column elementor-element elementor-element-5213f90 sc_content_align_left sc_layouts_column_align_left sc_layouts_column sc_inner_width_none sc_layouts_column_icons_position_left sc_fly_static\" data-id=\"5213f90\" data-element_type=\"column\" data-e-type=\"column\">\n\t\t\t<div class=\"elementor-widget-wrap elementor-element-populated\">\n\t\t\t\t\t\t<div class=\"elementor-element elementor-element-538036c elementor-align-left elementor-widget__width-inherit sc_fly_static elementor-widget elementor-widget-button\" data-id=\"538036c\" data-element_type=\"widget\" data-e-type=\"widget\" data-widget_type=\"button.default\">\n\t\t\t\t<div class=\"elementor-widget-container\">\n\t\t\t\t\t\t\t\t\t<div class=\"elementor-button-wrapper\">\n\t\t\t\t\t<a class=\"elementor-button elementor-button-link elementor-size-sm\" href=\"https:\/\/e-3lectric.com\/wp-content\/uploads\/2024\/07\/CE_97010_97110_97210_97310.pdf\" target=\"_blank\">\n\t\t\t\t\t\t<span class=\"elementor-button-content-wrapper\">\n\t\t\t\t\t\t<span class=\"elementor-button-icon\">\n\t\t\t\t<i aria-hidden=\"true\" class=\"fas fa-file-download\"><\/i>\t\t\t<\/span>\n\t\t\t\t\t\t\t\t\t<span class=\"elementor-button-text\">Certificado<\/span>\n\t\t\t\t\t<\/span>\n\t\t\t\t\t<\/a>\n\t\t\t\t<\/div>\n\t\t\t\t\t\t\t\t<\/div>\n\t\t\t\t<\/div>\n\t\t\t\t\t<\/div>\n\t\t<\/div>\n\t\t\t\t<div class=\"elementor-column elementor-col-33 elementor-inner-column elementor-element elementor-element-9dc109f sc_content_align_left sc_layouts_column_align_left sc_layouts_column sc_inner_width_none sc_layouts_column_icons_position_left sc_fly_static\" data-id=\"9dc109f\" data-element_type=\"column\" data-e-type=\"column\">\n\t\t\t<div class=\"elementor-widget-wrap elementor-element-populated\">\n\t\t\t\t\t\t<div class=\"elementor-element elementor-element-c3246c5 elementor-align-left elementor-widget__width-inherit sc_fly_static elementor-widget elementor-widget-button\" data-id=\"c3246c5\" data-element_type=\"widget\" data-e-type=\"widget\" data-widget_type=\"button.default\">\n\t\t\t\t<div class=\"elementor-widget-container\">\n\t\t\t\t\t\t\t\t\t<div class=\"elementor-button-wrapper\">\n\t\t\t\t\t<a class=\"elementor-button elementor-button-link elementor-size-sm\" href=\"https:\/\/e-3lectric.com\/wp-content\/uploads\/2024\/06\/e\u00b73lectric-User-Manual-ADVANCED_WEB.pdf\" target=\"_blank\">\n\t\t\t\t\t\t<span class=\"elementor-button-content-wrapper\">\n\t\t\t\t\t\t<span class=\"elementor-button-icon\">\n\t\t\t\t<i aria-hidden=\"true\" class=\"fas fa-file-download\"><\/i>\t\t\t<\/span>\n\t\t\t\t\t\t\t\t\t<span class=\"elementor-button-text\">Manual de usuario<\/span>\n\t\t\t\t\t<\/span>\n\t\t\t\t\t<\/a>\n\t\t\t\t<\/div>\n\t\t\t\t\t\t\t\t<\/div>\n\t\t\t\t<\/div>\n\t\t\t\t\t<\/div>\n\t\t<\/div>\n\t\t\t\t\t<\/div>\n\t\t<\/section>\n\t\t\t\t\t<\/div>\n\t\t<\/div>\n\t\t\t\t\t<\/div>\n\t\t<\/section>\n\t\t\t\t<section class=\"elementor-section elementor-top-section elementor-element elementor-element-4a659b4 elementor-section-boxed elementor-section-height-default elementor-section-height-default sc_fly_static\" data-id=\"4a659b4\" data-element_type=\"section\" data-e-type=\"section\">\n\t\t\t\t\t\t<div class=\"elementor-container elementor-column-gap-extended\">\n\t\t\t\t\t<div class=\"elementor-column elementor-col-100 elementor-top-column elementor-element elementor-element-38dd551 sc_inner_width_none sc_content_align_inherit sc_layouts_column_icons_position_left sc_fly_static\" data-id=\"38dd551\" data-element_type=\"column\" data-e-type=\"column\">\n\t\t\t<div class=\"elementor-widget-wrap elementor-element-populated\">\n\t\t\t\t\t\t<div class=\"elementor-element elementor-element-2a0ea31 sc_fly_static elementor-widget elementor-widget-spacer\" data-id=\"2a0ea31\" data-element_type=\"widget\" data-e-type=\"widget\" data-widget_type=\"spacer.default\">\n\t\t\t\t<div class=\"elementor-widget-container\">\n\t\t\t\t\t\t\t<div class=\"elementor-spacer\">\n\t\t\t<div class=\"elementor-spacer-inner\"><\/div>\n\t\t<\/div>\n\t\t\t\t\t\t<\/div>\n\t\t\t\t<\/div>\n\t\t\t\t\t<\/div>\n\t\t<\/div>\n\t\t\t\t\t<\/div>\n\t\t<\/section>\n\t\t\t\t<section class=\"elementor-section elementor-top-section elementor-element elementor-element-bc932ac elementor-section-boxed elementor-section-height-default elementor-section-height-default sc_fly_static\" data-id=\"bc932ac\" data-element_type=\"section\" data-e-type=\"section\" data-settings=\"{&quot;background_background&quot;:&quot;classic&quot;}\">\n\t\t\t\t\t\t<div class=\"elementor-container elementor-column-gap-extended\">\n\t\t\t\t\t<div class=\"elementor-column elementor-col-100 elementor-top-column elementor-element elementor-element-4ae7da0 sc_inner_width_none sc_content_align_inherit sc_layouts_column_icons_position_left sc_fly_static\" data-id=\"4ae7da0\" data-element_type=\"column\" data-e-type=\"column\">\n\t\t\t<div class=\"elementor-widget-wrap elementor-element-populated\">\n\t\t\t\t\t\t<div class=\"elementor-element elementor-element-41c11a1 sc_fly_static elementor-widget elementor-widget-text-editor\" data-id=\"41c11a1\" data-element_type=\"widget\" data-e-type=\"widget\" data-widget_type=\"text-editor.default\">\n\t\t\t\t<div class=\"elementor-widget-container\">\n\t\t\t\t\t\t\t\t\t<p>M\u00e1s informaci\u00f3n sobre<br \/><strong>E-3LECTRICWALLBOX ADVANCE<\/strong><\/p>\n\t\t\t\t\t\t\t\t<\/div>\n\t\t\t\t<\/div>\n\t\t\t\t<div class=\"elementor-element elementor-element-cf99311 sc_fly_static elementor-widget elementor-widget-spacer\" data-id=\"cf99311\" data-element_type=\"widget\" data-e-type=\"widget\" data-widget_type=\"spacer.default\">\n\t\t\t\t<div class=\"elementor-widget-container\">\n\t\t\t\t\t\t\t<div class=\"elementor-spacer\">\n\t\t\t<div class=\"elementor-spacer-inner\"><\/div>\n\t\t<\/div>\n\t\t\t\t\t\t<\/div>\n\t\t\t\t<\/div>\n\t\t\t\t<div class=\"elementor-element elementor-element-8a13732 elementor-align-left elementor-widget__width-inherit sc_fly_static elementor-widget elementor-widget-button\" data-id=\"8a13732\" data-element_type=\"widget\" data-e-type=\"widget\" data-widget_type=\"button.default\">\n\t\t\t\t<div class=\"elementor-widget-container\">\n\t\t\t\t\t\t\t\t\t<div class=\"elementor-button-wrapper\">\n\t\t\t\t\t<a class=\"elementor-button elementor-button-link elementor-size-sm\" href=\"https:\/\/e-3lectric.com\/en\/contacto\/\">\n\t\t\t\t\t\t<span class=\"elementor-button-content-wrapper\">\n\t\t\t\t\t\t\t\t\t<span class=\"elementor-button-text\">Contacta con nosotros<\/span>\n\t\t\t\t\t<\/span>\n\t\t\t\t\t<\/a>\n\t\t\t\t<\/div>\n\t\t\t\t\t\t\t\t<\/div>\n\t\t\t\t<\/div>\n\t\t\t\t\t<\/div>\n\t\t<\/div>\n\t\t\t\t\t<\/div>\n\t\t<\/section>\n\t\t\t\t<\/div>\n\t\t","protected":false},"excerpt":{"rendered":"<p>E-3LECTRICWALLBOX ADVANCE POWER MANAGEMENT 97110 Cargador de coche el\u00e9ctrico con gesti\u00f3n din\u00e1mica de potencia Modo de carga 3 \u2013 Conector Tipo 2 seg\u00fan IEC 62196-2 Gesti\u00f3n inteligente de carga para&hellip;<\/p>\n","protected":false},"author":2,"featured_media":0,"parent":22874,"menu_order":0,"comment_status":"closed","ping_status":"closed","template":"","meta":{"footnotes":""},"class_list":["post-23846","page","type-page","status-publish","hentry"],"_links":{"self":[{"href":"https:\/\/e-3lectric.com\/en\/wp-json\/wp\/v2\/pages\/23846","targetHints":{"allow":["GET"]}}],"collection":[{"href":"https:\/\/e-3lectric.com\/en\/wp-json\/wp\/v2\/pages"}],"about":[{"href":"https:\/\/e-3lectric.com\/en\/wp-json\/wp\/v2\/types\/page"}],"author":[{"embeddable":true,"href":"https:\/\/e-3lectric.com\/en\/wp-json\/wp\/v2\/users\/2"}],"replies":[{"embeddable":true,"href":"https:\/\/e-3lectric.com\/en\/wp-json\/wp\/v2\/comments?post=23846"}],"version-history":[{"count":2,"href":"https:\/\/e-3lectric.com\/en\/wp-json\/wp\/v2\/pages\/23846\/revisions"}],"predecessor-version":[{"id":23868,"href":"https:\/\/e-3lectric.com\/en\/wp-json\/wp\/v2\/pages\/23846\/revisions\/23868"}],"up":[{"embeddable":true,"href":"https:\/\/e-3lectric.com\/en\/wp-json\/wp\/v2\/pages\/22874"}],"wp:attachment":[{"href":"https:\/\/e-3lectric.com\/en\/wp-json\/wp\/v2\/media?parent=23846"}],"curies":[{"name":"wp","href":"https:\/\/api.w.org\/{rel}","templated":true}]}}